{"id":35,"date":"2019-11-18T12:21:30","date_gmt":"2019-11-18T11:21:30","guid":{"rendered":"http:\/\/darzlubie.eu\/BIP\/?page_id=35"},"modified":"2021-11-30T10:23:49","modified_gmt":"2021-11-30T09:23:49","slug":"zapytania-ofertowe","status":"publish","type":"page","link":"http:\/\/darzlubie.eu\/BIP\/zapytania-ofertowe\/","title":{"rendered":"Zaproszenie do z\u0142o\u017cenia oferty"},"content":{"rendered":"<p style=\"text-align: center;\">Dyrektor Szko\u0142y Podstawowej im. Maksymiliana Wilandta w Darzlubiu w zapytaniu ofertowym zaprasza do sk\u0142adania ofert cenowych na dostaw\u0119 artyku\u0142\u00f3w spo\u017cywczych do sto\u0142\u00f3wki szkolnej.<\/p>\n<p style=\"text-align: center;\">Kliknij poni\u017cej, aby pozna\u0107 szczeg\u00f3\u0142y<\/p>\n<p style=\"text-align: center;\"><a href=\"http:\/\/darzlubie.eu\/BIP\/wp-content\/uploads\/2021\/11\/Zapytanie-ofertowe.zip\">Zapytanie ofertowe<\/a><\/p>\n","protected":false},"excerpt":{"rendered":"<p>Dyrektor Szko\u0142y Podstawowej im. Maksymiliana Wilandta w Darzlubiu w zapytaniu ofertowym zaprasza do sk\u0142adania ofert cenowych na dostaw\u0119 artyku\u0142\u00f3w spo\u017cywczych do sto\u0142\u00f3wki szkolnej. Kliknij poni\u017cej, aby pozna\u0107 szczeg\u00f3\u0142y Zapytanie ofertowe<\/p>\n","protected":false},"author":1,"featured_media":6,"parent":0,"menu_order":0,"comment_status":"closed","ping_status":"closed","template":"","meta":{"footnotes":""},"class_list":["post-35","page","type-page","status-publish","has-post-thumbnail","hentry"],"_links":{"self":[{"href":"http:\/\/darzlubie.eu\/BIP\/wp-json\/wp\/v2\/pages\/35","targetHints":{"allow":["GET"]}}],"collection":[{"href":"http:\/\/darzlubie.eu\/BIP\/wp-json\/wp\/v2\/pages"}],"about":[{"href":"http:\/\/darzlubie.eu\/BIP\/wp-json\/wp\/v2\/types\/page"}],"author":[{"embeddable":true,"href":"http:\/\/darzlubie.eu\/BIP\/wp-json\/wp\/v2\/users\/1"}],"replies":[{"embeddable":true,"href":"http:\/\/darzlubie.eu\/BIP\/wp-json\/wp\/v2\/comments?post=35"}],"version-history":[{"count":13,"href":"http:\/\/darzlubie.eu\/BIP\/wp-json\/wp\/v2\/pages\/35\/revisions"}],"predecessor-version":[{"id":148,"href":"http:\/\/darzlubie.eu\/BIP\/wp-json\/wp\/v2\/pages\/35\/revisions\/148"}],"wp:featuredmedia":[{"embeddable":true,"href":"http:\/\/darzlubie.eu\/BIP\/wp-json\/wp\/v2\/media\/6"}],"wp:attachment":[{"href":"http:\/\/darzlubie.eu\/BIP\/wp-json\/wp\/v2\/media?parent=35"}],"curies":[{"name":"wp","href":"https:\/\/api.w.org\/{rel}","templated":true}]}}